{"id":1231,"date":"2019-02-21T16:39:20","date_gmt":"2019-02-21T15:39:20","guid":{"rendered":"http:\/\/grundschuleimhofgarten.de\/?page_id=1231"},"modified":"2024-05-15T01:25:38","modified_gmt":"2024-05-14T23:25:38","slug":"spenden","status":"publish","type":"page","link":"https:\/\/grundschuleimhofgarten.de\/?page_id=1231","title":{"rendered":"Sinnvoll engagieren &#8211; Spenden"},"content":{"rendered":"<p style=\"text-align: justify;\"><img loading=\"lazy\" decoding=\"async\" class=\"aligncenter\" src=\"https:\/\/grundschuleimhofgarten.de\/wp-content\/uploads\/2019\/02\/foerderverein_header-spenden.jpg\" alt=\"\" width=\"800\" height=\"189\" \/><\/p>\n<h3><strong>Schul T-Shirts<\/strong><\/h3>\n<p>Allj\u00e4hrlich finanziert der F\u00f6rderverein die Produktion des beliebten <strong>Schul T-Shirts<\/strong> vor und verkauft diese Dank der freundlichen Unterst\u00fctzung des eF\u00d6B. Die daraus resultierenden Gewinne kommen dem Verein zu Gute und tragen neben den Mitgliedsbeitr\u00e4gen und Spenden auch zur Mitfinanzierung ausgew\u00e4hlter Projekte bei.<\/p>\n<p>Gegen\u00fcber den Vorjahren ist es unser erkl\u00e4rter Wunsch, den Kauf der T-Shirts \u00fcber paypal abzuwickeln. Das vereinfacht nicht nur den generellen Abverkauf im Schulalltag , sondern auch den w\u00e4hrend des 0-ten Elternabends oder anderer Anl\u00e4sse wie dem Sommerfest.<\/p>\n<h3>Sommerfest<\/h3>\n<p>Unter Mithilfe der Eltern unterst\u00fctzt der F\u00f6rderverein au\u00dferdem bei der Ausrichtung von Sommerfesten durch den Verkauf von Grillw\u00fcrstchen und Kuchen. Auch diese Einnahmen kommen nach Abzug aller Kosten der Finanzierung anderer Projekte zu Gute.<\/p>\n<p>F\u00fcr Aktionen dieser Art sind die Mitglieder, F\u00f6rderer und Eltern unserer Schule immer wieder gebeten, sich ehrenamtlich zu engagieren. Darunter fallen auch die Ausrichtung und Betreuung von Spielstationen.<\/p>\n<h3>Einnahmen aus Geldspenden<\/h3>\n<p>Neben unserem unerm\u00fcdlichen Versuch, immer wieder neu Einnahmen f\u00fcr den F\u00f6rderverein der Grundschule im Hofgarten zu generieren, freuen wir uns nat\u00fcrlich auch \u00fcber Einnahmen aus Geldspenden. Wir weisen an dieser Stelle darauf hin, dass ein Spendennachweis sowohl nach Zahlung des Mitgliedsbeitrages als auch nach Zahlung von Geldspenden m\u00f6glich ist. In dem Fall ist bitte Fabian Bez zu kontaktieren.<\/p>\n<p style=\"padding-left: 40px;\"><strong>F\u00f6rderverein Grundschule im Hofgarten e.V.<br \/>\n<\/strong>IBAN: DE80 1203 0000 1020 0731 00<br \/>\nBIC: BYLADEM1001<\/p>\n<h3>Sachspenden<\/h3>\n<p>Aber nicht nur Geldspenden tragen zum Erfolg unserer gemeinsamen Arbeit bei. Auch Sachspenden sind jederzeit gerne gesehen.<\/p>\n<p>Aktuell werden f\u00fcr den Sch\u00fclerclub\/die Holzwerkstatt des eF\u00d6B Ausstattungsgegenst\u00e4nde wie M\u00f6bel, Regale, Sitzs\u00e4cke, Werkzeuge, Sortierboxen und dergleichen mehr ben\u00f6tigt.<\/p>\n<p>Genaue Absprachen dazu sind bitte unbedingt vorab mit Frau Reschke als koordinierende Erzieherin des eF\u00d6B zu treffen.<\/p>\n<p>Frau Reschke freut sich \u00fcber die Kontaktaufnahme unter:<\/p>\n<p style=\"padding-left: 40px;\"><strong>D\u00f6rte Reschke<\/strong><br \/>\n<strong>Koordinierende Erzieherin eF\u00f6B<\/strong><br \/>\nTel.: 030\/40 30 16 71<br \/>\nFax: 030\/40 30 16 67<br \/>\nE-Mail: <a href=\"mailto:hort@hofgarten.schule.berlin.de\">hort@hofgarten.schule.berlin.de<\/a><\/p>\n<p>Sollten Sachspenden auch au\u00dferhalb des eF\u00d6B angedacht sein, ist bitte in diesem Fall <a href=\"mailto:foerderverein@grundschuleimhofgarten.de\">Gabriel Milow<\/a> vom F\u00f6rderverein direkt zu kontaktieren. Vielen Dank.<\/p>\n<h3>Schulengel.de<\/h3>\n<p>Eine weitere M\u00f6glichkeit, sich sinnvoll f\u00fcr die Sch\u00fcler und Sch\u00fclerinnen der Grundschule im Hofgarten zu engagieren, bietet <a href=\"https:\/\/www.schulengel.de\/einrichtungen\/details\/12590-grundschule-im-hofgarten\" target=\"_blank\" rel=\"noopener\"><strong>Schulengel<\/strong> <\/a>Einfach.Spenden.<\/p>\n<p><strong><a href=\"https:\/\/www.schulengel.de\/einrichtungen\/details\/12590-grundschule-im-hofgarten\" target=\"_blank\" rel=\"noopener\">Schulengel.de<\/a><\/strong> ist ein Spendennetzwerk, dem sich schon heute viele Online-Shops des t\u00e4glichen Bedarfs angeschlossen haben. Der Kauf von Waren \u00fcber das Portal von Schulengel.de bietet uns als Verein die M\u00f6glichkeit, weitere Gelder f\u00fcr unseren F\u00f6rderverein zu sammeln. Die Nutzung von Schulengel.de bedarf keiner Registration und kostet beim Einkauf keinen Cent mehr.<\/p>\n<p><!--\n\n\n<p style=\"text-align: justify;\">Sie m\u00f6chten die Schule unterst\u00fctzen, ohne Mitglied im F\u00f6rderverein zu werden. Vielleicht mit einer einmaligen Spende? Hier finden Sie die Kontodaten des F\u00f6rdervereins. Gerne stellen wir Ihnen eine Spendenquittung aus. <a href=\"mailto:foerderverein@grundschuleimhofgarten.de\">Schreiben<\/a> Sie uns auch gerne welche Verwendung Sie Sich f\u00fcr Ihre Spende w\u00fcnschen.<\/p>\n\n\n\n\n<p style=\"text-align: left; padding-left: 40px;\"><strong>F\u00f6rderverein Grundschule im Hofgarten e.V.<\/strong><\/p>\n\n\n\n\n<p style=\"text-align: left; padding-left: 40px;\"><strong>IBAN: DE80 1203 0000 1020 0731 00<\/strong><\/p>\n\n\n\n\n<p style=\"text-align: left; padding-left: 40px;\"><strong>BIC: BYLADEM1001<\/strong><\/p>\n\n\n\n\n<p style=\"text-align: justify;\">Gerne erinnern wir Sie per Mail an unsere Aktionen, wenn Sie uns <a href=\"mailto:foerderverein@grundschuleimhofgarten.de\">informieren<\/a>. Bitte \u00fcbernehmen Sie auch unsere Mailadresse\u00a0 in Ihre Kontakte, um zu vermeiden, dass Nachrichten des F\u00f6rdervereins im Spam-Ordner landen.<\/p>\n\n\n\n&nbsp;\n\n<b>Online shoppen und f\u00fcr den F\u00f6rderverein <\/b><b>kostenlos Spenden sammeln<\/b>\n\n<b>Wie funktioniert das?\u00a0<\/b>\n\n<span style=\"font-weight: 400;\">Wann immer Sie Ihre Einka\u0308ufe u\u0308ber <\/span><a href=\"https:\/\/www.schulengel.de\/top-einrichtungen?q=grundschule+im+Hofgarten\"><b>www.schulengel.de<\/b><\/a> <span style=\"font-weight: 400;\">starten, belohnen die Partnershops das mit einer Dankescho\u0308n-Pra\u0308mie in Ho\u0308he von 2 bis 10 % Ihres Nettoeinkaufswerts.\u00a0<\/span>\n\n<span style=\"font-weight: 400;\">70 % davon gehen als Spende an den F\u00f6rderverein der Grundschule im Hofgarten, 30 % werden fu\u0308r den Betrieb des Charity-Shopping-Portals verwendet. F\u00fcr Sie entstehen dadurch keine zus\u00e4tzliche Kosten. <\/span>\n\n<span style=\"font-weight: 400;\">Noch mehr Fragen und Antworten wie das Shoppen \u00fcber das Schulengel funktioniert? <\/span><span style=\"font-weight: 400;\">Mehr zus\u00e4tzliche Infos finden Sie <a href=\"https:\/\/www.schulengel.de\/cms\/entdecken\/so-gehts\/\">hier<\/a>.\u00a0<\/span>\n\/\/--><\/p>\n","protected":false},"excerpt":{"rendered":"<p>Schul T-Shirts Allj\u00e4hrlich finanziert der F\u00f6rderverein die Produktion des beliebten Schul T-Shirts vor und verkauft diese Dank der freundlichen Unterst\u00fctzung des eF\u00d6B. Die daraus resultierenden Gewinne kommen dem Verein zu&hellip;<\/p>\n","protected":false},"author":9,"featured_media":0,"parent":0,"menu_order":0,"comment_status":"closed","ping_status":"closed","template":"","meta":{"_lmt_disableupdate":"","_lmt_disable":"","footnotes":""},"class_list":["post-1231","page","type-page","status-publish","hentry"],"_links":{"self":[{"href":"https:\/\/grundschuleimhofgarten.de\/index.php?rest_route=\/wp\/v2\/pages\/1231","targetHints":{"allow":["GET"]}}],"collection":[{"href":"https:\/\/grundschuleimhofgarten.de\/index.php?rest_route=\/wp\/v2\/pages"}],"about":[{"href":"https:\/\/grundschuleimhofgarten.de\/index.php?rest_route=\/wp\/v2\/types\/page"}],"author":[{"embeddable":true,"href":"https:\/\/grundschuleimhofgarten.de\/index.php?rest_route=\/wp\/v2\/users\/9"}],"replies":[{"embeddable":true,"href":"https:\/\/grundschuleimhofgarten.de\/index.php?rest_route=%2Fwp%2Fv2%2Fcomments&post=1231"}],"version-history":[{"count":36,"href":"https:\/\/grundschuleimhofgarten.de\/index.php?rest_route=\/wp\/v2\/pages\/1231\/revisions"}],"predecessor-version":[{"id":9882,"href":"https:\/\/grundschuleimhofgarten.de\/index.php?rest_route=\/wp\/v2\/pages\/1231\/revisions\/9882"}],"wp:attachment":[{"href":"https:\/\/grundschuleimhofgarten.de\/index.php?rest_route=%2Fwp%2Fv2%2Fmedia&parent=1231"}],"curies":[{"name":"wp","href":"https:\/\/api.w.org\/{rel}","templated":true}]}}