{"id":191,"date":"2018-02-21T21:51:38","date_gmt":"2018-02-21T20:51:38","guid":{"rendered":"http:\/\/grundschuleimhofgarten.de\/?page_id=191"},"modified":"2022-05-30T10:09:43","modified_gmt":"2022-05-30T08:09:43","slug":"elterncafe","status":"publish","type":"page","link":"https:\/\/grundschuleimhofgarten.de\/?page_id=191","title":{"rendered":"Elterncaf\u00e9"},"content":{"rendered":"<p><img decoding=\"async\" src=\"https:\/\/grundschuleimhofgarten.de\/wp-content\/uploads\/2021\/09\/Fo\u0308rderverein-Elterncafe-2020-2.jpeg\" alt=\"\" \/><\/p>\n<p style=\"text-align: center;\">Herzlich willkommen zu einem COFFEE TO STAY. Das Elterncaf\u00e9 der Grundschule im Hofgarten ist eine Initiative des F\u00f6rdervereins. Es bietet den Eltern die M\u00f6glichkeit sich kennenlernen und austauschen zu k\u00f6nnen. Zudem sind Vertreter von Schule\/Hort anwesend, so dass ohne gro\u00dfen Aufwand ein Kontakt zu Schule und Hort m\u00f6glich ist.<\/p>\n<p style=\"text-align: center;\">Die n\u00e4chsten Termine: 6. September in der Zeit von 7:45 bis 9 Uhr vor dem Schulgel\u00e4nde.<\/p>\n<p style=\"text-align: center;\">Bitte beachten Sie die geltenden Corona-Regeln.<\/p>\n<p style=\"text-align: center;\"><a href=\"https:\/\/grundschuleimhofgarten.de\/?calendar=schulkalender\">Zum Kalender der Schule.<\/a><\/p>\n<p style=\"text-align: center;\">Gerne erinnern wir Sie per Mail an aktuelle Eltern-Caf\u00e9-Termine, wenn Sie uns <a href=\"mailto:foerderverein@grundschuleimhofgarten.de\">informieren<\/a>. Bitte \u00fcbernehmen Sie auch unsere Mailadresse\u00a0 in Ihre Kontakte, um zu vermeiden, dass Nachrichten des F\u00f6rdervereins im Spam-Ordner landen.<\/p>\n","protected":false},"excerpt":{"rendered":"<p>Herzlich willkommen zu einem COFFEE TO STAY. Das Elterncaf\u00e9 der Grundschule im Hofgarten ist eine Initiative des F\u00f6rdervereins. Es bietet den Eltern die M\u00f6glichkeit sich kennenlernen und austauschen zu k\u00f6nnen.&hellip;<\/p>\n","protected":false},"author":9,"featured_media":0,"parent":0,"menu_order":0,"comment_status":"closed","ping_status":"closed","template":"","meta":{"_lmt_disableupdate":"","_lmt_disable":"","footnotes":""},"class_list":["post-191","page","type-page","status-publish","hentry"],"_links":{"self":[{"href":"https:\/\/grundschuleimhofgarten.de\/index.php?rest_route=\/wp\/v2\/pages\/191","targetHints":{"allow":["GET"]}}],"collection":[{"href":"https:\/\/grundschuleimhofgarten.de\/index.php?rest_route=\/wp\/v2\/pages"}],"about":[{"href":"https:\/\/grundschuleimhofgarten.de\/index.php?rest_route=\/wp\/v2\/types\/page"}],"author":[{"embeddable":true,"href":"https:\/\/grundschuleimhofgarten.de\/index.php?rest_route=\/wp\/v2\/users\/9"}],"replies":[{"embeddable":true,"href":"https:\/\/grundschuleimhofgarten.de\/index.php?rest_route=%2Fwp%2Fv2%2Fcomments&post=191"}],"version-history":[{"count":30,"href":"https:\/\/grundschuleimhofgarten.de\/index.php?rest_route=\/wp\/v2\/pages\/191\/revisions"}],"predecessor-version":[{"id":7790,"href":"https:\/\/grundschuleimhofgarten.de\/index.php?rest_route=\/wp\/v2\/pages\/191\/revisions\/7790"}],"wp:attachment":[{"href":"https:\/\/grundschuleimhofgarten.de\/index.php?rest_route=%2Fwp%2Fv2%2Fmedia&parent=191"}],"curies":[{"name":"wp","href":"https:\/\/api.w.org\/{rel}","templated":true}]}}