{"id":245,"date":"2018-10-03T18:13:15","date_gmt":"2018-10-03T16:13:15","guid":{"rendered":"http:\/\/grundschuleimhofgarten.de\/?page_id=245"},"modified":"2019-03-27T12:43:14","modified_gmt":"2019-03-27T11:43:14","slug":"wettbewerbe","status":"publish","type":"page","link":"https:\/\/grundschuleimhofgarten.de\/?page_id=245","title":{"rendered":"Wettbewerbe"},"content":{"rendered":"<h2 style=\"text-align: justify;\"><\/h2>\n<h2><\/h2>\n<h2 style=\"text-align: justify;\"><strong>Mathematikolympiade<\/strong><\/h2>\n<p style=\"text-align: justify;\"><img loading=\"lazy\" decoding=\"async\" class=\"alignright wp-image-1827 size-thumbnail\" src=\"https:\/\/grundschuleimhofgarten.de\/wp-content\/uploads\/2019\/02\/logo_mathematikolympiade-150x150.png\" alt=\"\" width=\"150\" height=\"150\" srcset=\"https:\/\/grundschuleimhofgarten.de\/wp-content\/uploads\/2019\/02\/logo_mathematikolympiade-150x150.png 150w, https:\/\/grundschuleimhofgarten.de\/wp-content\/uploads\/2019\/02\/logo_mathematikolympiade-300x300.png 300w, https:\/\/grundschuleimhofgarten.de\/wp-content\/uploads\/2019\/02\/logo_mathematikolympiade-768x767.png 768w, https:\/\/grundschuleimhofgarten.de\/wp-content\/uploads\/2019\/02\/logo_mathematikolympiade-1024x1022.png 1024w, https:\/\/grundschuleimhofgarten.de\/wp-content\/uploads\/2019\/02\/logo_mathematikolympiade-1170x1168.png 1170w, https:\/\/grundschuleimhofgarten.de\/wp-content\/uploads\/2019\/02\/logo_mathematikolympiade-585x585.png 585w, https:\/\/grundschuleimhofgarten.de\/wp-content\/uploads\/2019\/02\/logo_mathematikolympiade.png 1202w\" sizes=\"auto, (max-width: 150px) 100vw, 150px\" \/>Wer eine gro\u00dfe mathematische Herausforderung sucht, nimmt an der Mathematikolympiade teil. Dieser Wettbewerb wird deutschlandweit f\u00fcr die Klassenstufen 3 bis 13 angeboten und unter anderem vom Bundesministerium f\u00fcr Bildung und Forschung gef\u00f6rdert.\u00a0Wir f\u00fchren die erste Runde (Schulrunde) j\u00e4hrlich im Herbst in Form einer 90-min\u00fctigen Klassenarbeit durch. Nat\u00fcrlich ist die Teilnahme freiwillig. Anders als beim K\u00e4nguru-Wettbewerb gibt es keine vorgegebenen Antwortm\u00f6glichkeiten. Stattdessen m\u00fcssen die Sch\u00fclerinnen und Sch\u00fcler durch logisches Denken, Kombinieren oder systematisches Ausprobieren nicht nur eine L\u00f6sung finden, sondern in der Regel auch ihren L\u00f6sungsweg beschreiben. Bei einer ausreichend hohen Punktzahl r\u00fcckt man in die n\u00e4chste Stufe vor (Regionalrunde im Bezirk) und misst sich dort gegen die leistungsst\u00e4rksten Kinder anderer Schulen.<\/p>\n<p>&nbsp;<\/p>\n<h2><strong>Vorlesewettbewerb<br \/>\n<\/strong><\/h2>\n<p style=\"text-align: justify;\">Der Vorlesewettbewerb wird in jedem Schuljahr in Kooperation mit Buchhandlugnen und Bibliotheken in den sechsten Klassen durchgef\u00fchrt. Er soll nicht nur den Spa\u00df am Lesen f\u00f6rdern, sondern die Sch\u00fclerinnen und Sch\u00fcler auch f\u00fcr eine kriterienorientierte Bewertung des Lesens sensibilisieren.<\/p>\n<p style=\"text-align: justify;\">Ab Oktober werden die besten Vorleser innerhalb einer Klasse ermittelt, die dann am Schulwettbewerb im Dezember teilnehmen. Dort stellen sie B\u00fccher der &#8222;erz\u00e4hlenden Literatur&#8220; vor und lesen aus diesem sowie einem zuvor unbekannten Buch einen Textausschnitt vor. Dabei lauschen ihnen ihre Mitsch\u00fcler ganz gespannt. Eine Jury aus LehrerInnen, Sch\u00fclerInnen und einem Gast k\u00fcrt schlie\u00dflich den Schulsieger bzw. die Schulsiegerin, der\/die auf der n\u00e4chsth\u00f6heren Ebene (Bezirk) ebenfalls sein\/ihr K\u00f6nnen im Lesen gegen andere Schulsieger messen kann.\u00a0Zum Schluss erhalten alle Vorleser ein Buchgeschenk, das freundlicherweise vom F\u00f6rderverein gesponsert wird.<\/p>\n<p>&nbsp;<\/p>\n<h2><strong>Winterolympiade<br \/>\n<\/strong><\/h2>\n<p style=\"text-align: justify;\">Um die Wartezeit auf das Sportfest zu verk\u00fcrzen, gibt es an unserer Schule auch im Winter einen sportlichen Wettkampf in Form der Winterolympiade. Dabei geht es allerdings nicht ganz so streng zu. Vielmehr steht der Spa\u00df an der Bewegung im Vordergrund. So gibt es statt den klassischen Disziplinen eher lustige, aber dennoch sportliche Herausforderungen wie Eisstockschie\u00dfen, Bobfahren und vieles mehr.<\/p>\n<p>&nbsp;<\/p>\n<h2><strong>K\u00e4nguru-Wettbewerb<\/strong><\/h2>\n<p style=\"text-align: justify;\">Der K\u00e4nguru-Wettbewerb ist ein weltweit stattfindender mathematischer Wettbewerb. Er richtet sich an Sch\u00fclerinnen und Sch\u00fcler der Jahrgangsstufen 3 bis 13, die Freude am Knobeln und logischem Denken haben. In der Grundschule werden jeweils 24 Aufgaben in drei Schwierigkeitsstufen f\u00fcr die Doppeljahrgangsstufen 3\/4 und 5\/6 gestellt. F\u00fcr das L\u00f6sen haben die Kinder 75 Minuten Zeit. Dabei gibt es je Aufgabe f\u00fcnf Antwortm\u00f6glichkeiten.<br \/>\nDer Wettbewerb wird jedes Jahr am dritten Donnerstag im M\u00e4rz durchgef\u00fchrt. Da er sich selbst tr\u00e4gt, ist ein Teilnahmebeitrag von 2 Euro zu entrichten.<\/p>\n<p style=\"text-align: justify;\">J\u00fcngere Sch\u00fclerinnen und Sch\u00fcler d\u00fcrfen ebenfalls teilnehmen, wenn sie die Aufgaben allein bearbeiten k\u00f6nnen. Alternativ gibt es einen, direkt f\u00fcr die Klasse 2 konzipierten und am K\u00e4nguru-Wettbewerb angelehnten Wettbewerb, den sog.<strong> Minik\u00e4nguru-Wettbewerb<\/strong>. Die Teilnahme (kostenfrei) an diesem ist an unserer Schule verbindlich, da wir gern das Interesse aller Kinder an der Mathematik f\u00f6rdern wollen.<\/p>\n<div id=\"bodyContent\" class=\"mw-body-content\">\n<div id=\"mw-content-text\" class=\"mw-content-ltr\" dir=\"ltr\" lang=\"de\">\n<div class=\"mw-parser-output\">\n<p>&nbsp;<\/p>\n<h2><strong>Sportfest<br \/>\n<\/strong><\/h2>\n<p style=\"text-align: justify;\">Das Sportfest findet im Rahmen der Bundesjugendspiele in jedem Fr\u00fchjahr bzw. Sommer statt. Die Sch\u00fclerinnen und Sch\u00fcler aller Klassen messen sich dabei in den Disziplinen Weitwurf, Weitsprung sowie 50m- bzw. 100m-Lauf. Auch muss noch ein Langstreckenlauf bew\u00e4ltigt werden. Wir freuen uns, dass wir diese Veranstaltung in den letzten Jahren im Friedrich-Ludwig-Jahn-Sportpark (teilweise sogar im gro\u00dfen Stadion) durchf\u00fchren konnten.<\/p>\n<\/div>\n<\/div>\n<\/div>\n","protected":false},"excerpt":{"rendered":"<p>Mathematikolympiade Wer eine gro\u00dfe mathematische Herausforderung sucht, nimmt an der Mathematikolympiade teil. Dieser Wettbewerb wird deutschlandweit f\u00fcr die Klassenstufen 3 bis 13 angeboten und unter anderem vom Bundesministerium f\u00fcr Bildung&hellip;<\/p>\n","protected":false},"author":10,"featured_media":0,"parent":0,"menu_order":0,"comment_status":"closed","ping_status":"closed","template":"","meta":{"_lmt_disableupdate":"","_lmt_disable":"","footnotes":""},"class_list":["post-245","page","type-page","status-publish","hentry"],"_links":{"self":[{"href":"https:\/\/grundschuleimhofgarten.de\/index.php?rest_route=\/wp\/v2\/pages\/245","targetHints":{"allow":["GET"]}}],"collection":[{"href":"https:\/\/grundschuleimhofgarten.de\/index.php?rest_route=\/wp\/v2\/pages"}],"about":[{"href":"https:\/\/grundschuleimhofgarten.de\/index.php?rest_route=\/wp\/v2\/types\/page"}],"author":[{"embeddable":true,"href":"https:\/\/grundschuleimhofgarten.de\/index.php?rest_route=\/wp\/v2\/users\/10"}],"replies":[{"embeddable":true,"href":"https:\/\/grundschuleimhofgarten.de\/index.php?rest_route=%2Fwp%2Fv2%2Fcomments&post=245"}],"version-history":[{"count":26,"href":"https:\/\/grundschuleimhofgarten.de\/index.php?rest_route=\/wp\/v2\/pages\/245\/revisions"}],"predecessor-version":[{"id":1146,"href":"https:\/\/grundschuleimhofgarten.de\/index.php?rest_route=\/wp\/v2\/pages\/245\/revisions\/1146"}],"wp:attachment":[{"href":"https:\/\/grundschuleimhofgarten.de\/index.php?rest_route=%2Fwp%2Fv2%2Fmedia&parent=245"}],"curies":[{"name":"wp","href":"https:\/\/api.w.org\/{rel}","templated":true}]}}