{"id":36,"date":"2017-11-06T17:35:47","date_gmt":"2017-11-06T16:35:47","guid":{"rendered":"http:\/\/grundschuleimhofgarten.de\/?page_id=36"},"modified":"2021-03-26T09:59:31","modified_gmt":"2021-03-26T08:59:31","slug":"schulweg","status":"publish","type":"page","link":"https:\/\/grundschuleimhofgarten.de\/?page_id=36","title":{"rendered":"Schulweg"},"content":{"rendered":"<div class=\"pcrstb-wrap\"><table class=\" aligncenter\" style=\"width: 100%;\">\r\n<tbody>\r\n<tr>\r\n<td style=\"width: 40.7792%;\">\r\n<p style=\"text-align: justify;\">Die Grundschule im Hofgarten befindet sich mitten im Herzen von Prenzlauer Berg, genauer gesagt direkt an der Danziger Stra\u00dfe &#8211; einer der Hauptverkehrsstra\u00dfen des Bezirks. Dennoch ist eine Anfahrt mit dem Auto aufgrund mangelnder Parkpl\u00e4tze nur bedingt zu empfehlen.<\/p>\r\n<p style=\"text-align: justify;\">Am Besten erreichen Sie uns mit der Stra\u00dfenbahn:<\/p>\r\n\r\n<ul style=\"text-align: justify;\">\r\n \t<li>Linie M2 bis Prenzlauer Allee \/ Danziger Stra\u00dfe oder<\/li>\r\n \t<li>Linie M10 bis Husemannstra\u00dfe<\/li>\r\n<\/ul>\r\n<p style=\"text-align: justify;\">Von beiden Haltestellen ist es nur ein kurzer Fu\u00dfweg bis zur Schule. Innerhalb eines Kliometers befinden sich zudem die U2-Station Eberswalder Stra\u00dfe sowie die S-Bahn-Station Prenzlauer Allee.<\/p>\r\n<\/td>\r\n<td style=\"width: 58.8311%;\"><iframe loading=\"lazy\" src=\"https:\/\/www.google.com\/maps\/d\/embed?mid=1I9ZNmbRRjw8UhS8zvmSLfGNW76uaenA_\" width=\"600\" height=\"350\"><\/iframe><\/td>\r\n<\/tr>\r\n<\/tbody>\r\n<\/table><\/div>\r\n<p style=\"text-align: justify;\"><strong>Schulwegsicherheit<\/strong><\/p>\r\n<p style=\"text-align: justify;\">Uns ist sehr daran gelegen, dass die Kinder ihren Schulweg alleine bew\u00e4ltigen k\u00f6nnen. Dazu ben\u00f6tigen wir aber Ihre Mithilfe! W\u00e4hlen Sie den sichersten Schulweg aus und \u00fcben Sie diesen im ersten Schuljahr gemeinsam mit Ihrem Kind! Bedenken Sie dabei auch, dass der sicherste Weg nicht immer der k\u00fcrzeste ist.\r\nAuf besondere Gefahrenstellen weisen die <a href=\"http:\/\/www.schulwegplaene-berlin.de\/index.html\" target=\"_blank\" rel=\"noopener noreferrer\">\u21d2 Schulwegpl\u00e4ne des Landes Berlin<\/a> hin. Die aktuelle Fassung f\u00fcr unsere Schule k\u00f6nnen Sie <a href=\"https:\/\/grundschuleimhofgarten.de\/wp-content\/uploads\/2019\/02\/03g45_schulwegplan-2014.pdf\" target=\"_blank\" rel=\"noopener noreferrer\">hier (PDF)<\/a> \u00a0einsehen.<\/p>\r\n<!-- \/wp:post-content -->","protected":false},"excerpt":{"rendered":"<p>Die Grundschule im Hofgarten befindet sich mitten im Herzen von Prenzlauer Berg, genauer gesagt direkt an der Danziger Stra\u00dfe &#8211; einer der Hauptverkehrsstra\u00dfen des Bezirks. Dennoch ist eine Anfahrt mit&hellip;<\/p>\n","protected":false},"author":10,"featured_media":0,"parent":0,"menu_order":0,"comment_status":"closed","ping_status":"closed","template":"","meta":{"_lmt_disableupdate":"","_lmt_disable":"","footnotes":""},"class_list":["post-36","page","type-page","status-publish","hentry"],"_links":{"self":[{"href":"https:\/\/grundschuleimhofgarten.de\/index.php?rest_route=\/wp\/v2\/pages\/36","targetHints":{"allow":["GET"]}}],"collection":[{"href":"https:\/\/grundschuleimhofgarten.de\/index.php?rest_route=\/wp\/v2\/pages"}],"about":[{"href":"https:\/\/grundschuleimhofgarten.de\/index.php?rest_route=\/wp\/v2\/types\/page"}],"author":[{"embeddable":true,"href":"https:\/\/grundschuleimhofgarten.de\/index.php?rest_route=\/wp\/v2\/users\/10"}],"replies":[{"embeddable":true,"href":"https:\/\/grundschuleimhofgarten.de\/index.php?rest_route=%2Fwp%2Fv2%2Fcomments&post=36"}],"version-history":[{"count":32,"href":"https:\/\/grundschuleimhofgarten.de\/index.php?rest_route=\/wp\/v2\/pages\/36\/revisions"}],"predecessor-version":[{"id":7558,"href":"https:\/\/grundschuleimhofgarten.de\/index.php?rest_route=\/wp\/v2\/pages\/36\/revisions\/7558"}],"wp:attachment":[{"href":"https:\/\/grundschuleimhofgarten.de\/index.php?rest_route=%2Fwp%2Fv2%2Fmedia&parent=36"}],"curies":[{"name":"wp","href":"https:\/\/api.w.org\/{rel}","templated":true}]}}