{"id":37,"date":"2017-11-06T17:36:07","date_gmt":"2017-11-06T16:36:07","guid":{"rendered":"http:\/\/grundschuleimhofgarten.de\/?page_id=37"},"modified":"2025-04-02T21:23:51","modified_gmt":"2025-04-02T19:23:51","slug":"ueber-uns","status":"publish","type":"page","link":"https:\/\/grundschuleimhofgarten.de\/?page_id=37","title":{"rendered":"\u00dcber uns"},"content":{"rendered":"<blockquote>\n<p style=\"text-align: justify;\">Ein Garten, in dem alle wachsen k\u00f6nnen.<\/p>\n<p style=\"text-align: justify;\">\n<\/blockquote>\n<div id=\"attachment_641\" style=\"width: 510px\" class=\"wp-caption alignright\"><a href=\"https:\/\/grundschuleimhofgarten.de\/wp-content\/uploads\/2019\/02\/schule_gebaeude-1.jpg\" data-rel=\"penci-gallery-image-content\" ><img loading=\"lazy\" decoding=\"async\" aria-describedby=\"caption-attachment-641\" class=\"wp-image-641\" src=\"https:\/\/grundschuleimhofgarten.de\/wp-content\/uploads\/2019\/02\/schule_gebaeude-1-300x200.jpg\" alt=\"\" width=\"500\" height=\"333\" \/><\/a><p id=\"caption-attachment-641\" class=\"wp-caption-text\">Willkommen in der Grundschule im Hofgarten!<\/p><\/div>\n<p style=\"text-align: justify;\">Die Grundschule im Hofgarten liegt im Herzen von Prenzlauer Berg.\u00a0Unsere Schule ist genauso bunt, vielf\u00e4ltig und lebendig wie die Menschen in den Kiezen rund um uns herum.<\/p>\n<p style=\"text-align: justify;\">Wir sind eine Grundschule im <a href=\"https:\/\/grundschuleimhofgarten.de\/?page_id=38\">\u21d2 offenen Ganztagsbetrieb<\/a>. Das bedeutet, dass alle Sch\u00fclerinnen und Sch\u00fcler in der Zeit von 7:30 Uhr bis 13.30 Uhr unabh\u00e4ngig vom individuellen Stundenplan in der Schule unterrichtet bzw. betreut werden. F\u00fcr die dar\u00fcber hinausgehenden Zeiten ben\u00f6tigen Sie einen <a href=\"https:\/\/grundschuleimhofgarten.de\/?page_id=61\">\u21d2 Betreuungsvertrag<\/a>.<\/p>\n<p style=\"text-align: justify;\">Aktuell unterrichten und erziehen rund 45 Mitarbeiterinnen und Mitarbeiter etwas mehr als 400 Sch\u00fclerinnen und Sch\u00fcler mit unterschiedlichsten Talenten und Begabungen. Wichtige Akteure im Schulleben der Grundschule im Hofgarten sind dar\u00fcber hinaus unsere Sekret\u00e4rin, unser Hausmeister, die zahlreichen <a href=\"https:\/\/grundschuleimhofgarten.de\/?page_id=42\">\u21d2 Kooperationspartner<\/a>, der <a href=\"https:\/\/grundschuleimhofgarten.de\/?page_id=193\">\u21d2 F\u00f6rderverein\u00a0<\/a>sowie unsere Bienenv\u00f6lker mit ungef\u00e4hr 30.000 Bienen.<\/p>\n","protected":false},"excerpt":{"rendered":"<p>Ein Garten, in dem alle wachsen k\u00f6nnen. Die Grundschule im Hofgarten liegt im Herzen von Prenzlauer Berg.\u00a0Unsere Schule ist genauso bunt, vielf\u00e4ltig und lebendig wie die Menschen in den Kiezen&hellip;<\/p>\n","protected":false},"author":10,"featured_media":0,"parent":0,"menu_order":0,"comment_status":"closed","ping_status":"closed","template":"","meta":{"_lmt_disableupdate":"no","_lmt_disable":"","footnotes":""},"class_list":["post-37","page","type-page","status-publish","hentry"],"_links":{"self":[{"href":"https:\/\/grundschuleimhofgarten.de\/index.php?rest_route=\/wp\/v2\/pages\/37","targetHints":{"allow":["GET"]}}],"collection":[{"href":"https:\/\/grundschuleimhofgarten.de\/index.php?rest_route=\/wp\/v2\/pages"}],"about":[{"href":"https:\/\/grundschuleimhofgarten.de\/index.php?rest_route=\/wp\/v2\/types\/page"}],"author":[{"embeddable":true,"href":"https:\/\/grundschuleimhofgarten.de\/index.php?rest_route=\/wp\/v2\/users\/10"}],"replies":[{"embeddable":true,"href":"https:\/\/grundschuleimhofgarten.de\/index.php?rest_route=%2Fwp%2Fv2%2Fcomments&post=37"}],"version-history":[{"count":29,"href":"https:\/\/grundschuleimhofgarten.de\/index.php?rest_route=\/wp\/v2\/pages\/37\/revisions"}],"predecessor-version":[{"id":10186,"href":"https:\/\/grundschuleimhofgarten.de\/index.php?rest_route=\/wp\/v2\/pages\/37\/revisions\/10186"}],"wp:attachment":[{"href":"https:\/\/grundschuleimhofgarten.de\/index.php?rest_route=%2Fwp%2Fv2%2Fmedia&parent=37"}],"curies":[{"name":"wp","href":"https:\/\/api.w.org\/{rel}","templated":true}]}}