{"id":561,"date":"2019-02-14T10:48:09","date_gmt":"2019-02-14T09:48:09","guid":{"rendered":"http:\/\/grundschuleimhofgarten.de\/?page_id=561"},"modified":"2020-12-22T12:43:16","modified_gmt":"2020-12-22T11:43:16","slug":"mitglied-werden","status":"publish","type":"page","link":"https:\/\/grundschuleimhofgarten.de\/?page_id=561","title":{"rendered":"Mitglied werden"},"content":{"rendered":"<p style=\"text-align: justify;\"><img loading=\"lazy\" decoding=\"async\" class=\"aligncenter\" src=\"https:\/\/grundschuleimhofgarten.de\/wp-content\/uploads\/2019\/02\/foerderverein_header-mitgliedwerden.jpg\" alt=\"\" width=\"800\" height=\"189\" \/><\/p>\n<p style=\"text-align: justify;\">Mitglied im F\u00f6rderverein kann jeder werden: Eltern, Gro\u00dfeltern, Tante, Onkel oder auch gern die Firma, in der Sie arbeiten. Die Mitgliedschaft ist ab 15 Euro pro Schuljahr m\u00f6glich und kann steuerlich abgesetzt werden.\u00a0 Sie k\u00f6nnen den Mitgliedsantrag einfach downloaden, ausf\u00fcllen, abfotografieren und uns <a href=\"mailto:foerderverein@grundschuleimhofgarten.de\">per Email senden<\/a>.<\/p>\n<p style=\"text-align: justify;\"><a href=\"https:\/\/grundschuleimhofgarten.de\/wp-content\/uploads\/2019\/02\/foerderverein_beitrittsformular.pdf\" target=\"_blank\" rel=\"noopener noreferrer\"><img loading=\"lazy\" decoding=\"async\" class=\"alignnone wp-image-1618\" src=\"https:\/\/grundschuleimhofgarten.de\/wp-content\/uploads\/2019\/02\/foerderverein_beitrittsformular-vorschau.jpg\" alt=\"\" width=\"300\" height=\"425\" srcset=\"https:\/\/grundschuleimhofgarten.de\/wp-content\/uploads\/2019\/02\/foerderverein_beitrittsformular-vorschau.jpg 595w, https:\/\/grundschuleimhofgarten.de\/wp-content\/uploads\/2019\/02\/foerderverein_beitrittsformular-vorschau-212x300.jpg 212w, https:\/\/grundschuleimhofgarten.de\/wp-content\/uploads\/2019\/02\/foerderverein_beitrittsformular-vorschau-585x828.jpg 585w\" sizes=\"auto, (max-width: 300px) 100vw, 300px\" \/><\/a><\/p>\n<p style=\"text-align: justify;\"><a href=\"https:\/\/grundschuleimhofgarten.de\/wp-content\/uploads\/2019\/02\/foerderverein_beitrittsformular.pdf\" target=\"_blank\" rel=\"noopener noreferrer\">Mitgliedsantrag F\u00f6rderverein Grundschule im Hofgarten e.V. (PDF)<\/a><\/p>\n<p>Gerne erinnern wir Sie per Mail an unsere Aktionen, wenn Sie uns <a href=\"mailto:foerderverein@grundschuleimhofgarten.de\">informieren<\/a>. Bitte \u00fcbernehmen Sie auch unsere Mailadresse\u00a0 in Ihre Kontakte, um zu vermeiden, dass Nachrichten des F\u00f6rdervereins im Spam-Ordner landen.<\/p>\n","protected":false},"excerpt":{"rendered":"<p>Mitglied im F\u00f6rderverein kann jeder werden: Eltern, Gro\u00dfeltern, Tante, Onkel oder auch gern die Firma, in der Sie arbeiten. Die Mitgliedschaft ist ab 15 Euro pro Schuljahr m\u00f6glich und kann&hellip;<\/p>\n","protected":false},"author":9,"featured_media":0,"parent":0,"menu_order":0,"comment_status":"closed","ping_status":"closed","template":"","meta":{"_lmt_disableupdate":"","_lmt_disable":"","footnotes":""},"class_list":["post-561","page","type-page","status-publish","hentry"],"_links":{"self":[{"href":"https:\/\/grundschuleimhofgarten.de\/index.php?rest_route=\/wp\/v2\/pages\/561","targetHints":{"allow":["GET"]}}],"collection":[{"href":"https:\/\/grundschuleimhofgarten.de\/index.php?rest_route=\/wp\/v2\/pages"}],"about":[{"href":"https:\/\/grundschuleimhofgarten.de\/index.php?rest_route=\/wp\/v2\/types\/page"}],"author":[{"embeddable":true,"href":"https:\/\/grundschuleimhofgarten.de\/index.php?rest_route=\/wp\/v2\/users\/9"}],"replies":[{"embeddable":true,"href":"https:\/\/grundschuleimhofgarten.de\/index.php?rest_route=%2Fwp%2Fv2%2Fcomments&post=561"}],"version-history":[{"count":29,"href":"https:\/\/grundschuleimhofgarten.de\/index.php?rest_route=\/wp\/v2\/pages\/561\/revisions"}],"predecessor-version":[{"id":7381,"href":"https:\/\/grundschuleimhofgarten.de\/index.php?rest_route=\/wp\/v2\/pages\/561\/revisions\/7381"}],"wp:attachment":[{"href":"https:\/\/grundschuleimhofgarten.de\/index.php?rest_route=%2Fwp%2Fv2%2Fmedia&parent=561"}],"curies":[{"name":"wp","href":"https:\/\/api.w.org\/{rel}","templated":true}]}}