{"id":61,"date":"2017-11-06T18:12:24","date_gmt":"2017-11-06T17:12:24","guid":{"rendered":"http:\/\/grundschuleimhofgarten.de\/?page_id=61"},"modified":"2025-10-17T09:28:28","modified_gmt":"2025-10-17T07:28:28","slug":"downloads","status":"publish","type":"page","link":"https:\/\/grundschuleimhofgarten.de\/?page_id=61","title":{"rendered":"Schulanmeldung"},"content":{"rendered":"<p>&nbsp;<\/p>\r\n<p style=\"text-align: justify;\">Liebe Eltern,<\/p>\r\n<p style=\"text-align: justify;\">wir freuen uns sehr, dass Sie Ihr Kind an unserer Schule einschulen m\u00f6chten. Dazu m\u00fcssen Sie eine Schulanmeldung vornehmen. Diese findet f\u00fcr die Schulanf\u00e4ngerinnen und Schulanf\u00e4nger wie folgt statt:<\/p>\r\n<p style=\"text-align: center;\"><strong>6. Oktober bis 17. Oktober 2025<\/strong><\/p>\r\n<p style=\"text-align: center;\"><strong>werktags von 8 bis 14 Uhr<\/strong><\/p>\r\n<p style=\"text-align: center;\"><strong><span style=\"text-decoration: underline;\">nach<\/span> telefonischer Terminvereinbarung unter 030-40301657<\/strong><\/p>\r\n<p>Um Wartezeiten zu vermeiden, bitten wir Sie die unten stehende Formulare bereits zu Hause weitestgehend auszuf\u00fcllen und mitzubringen. Falls Ihnen dies nicht m\u00f6glich ist, haben wir diese selbstverst\u00e4ndlich auch im Sekretariat vorliegen.<\/p>\r\n<p>Bitte bringen Sie au\u00dferdem folgende Unterlagen\u00a0zwingend mit:<\/p>\r\n<ul style=\"text-align: justify;\">\r\n<li>Geburtsurkunde des Kindes<\/li>\r\n<li>Nachweis der Masernimpfung (Impfausweis Kind)<\/li>\r\n<li>Ihre eigenen Personalpapiere<\/li>\r\n<li>Vollmacht des anderen Elternteils bei geteiltem Sorgerecht<\/li>\r\n<\/ul>\r\n<p style=\"text-align: justify;\">Alle weiteren Informationen rund um die Anmeldung erfahren Sie auch auf der Seite der zust\u00e4ndigen <a href=\"https:\/\/www.berlin.de\/sen\/bildung\/schule\/bildungswege\/grundschule\/anmeldung\/\">Senatsverwaltung f\u00fcr Bildung, Jugend und Familie<\/a>.<\/p>\r\n<p style=\"text-align: justify;\"><strong>Formulare unserer Schule<\/strong><\/p>\r\n<ul style=\"text-align: justify;\">\r\n<li><a href=\"https:\/\/grundschuleimhofgarten.de\/wp-content\/uploads\/2025\/09\/Anmeldebogen_Hofgarten.pdf\">Anmeldebogen unserer Schule<\/a><\/li>\r\n<\/ul>\r\n<p style=\"text-align: justify;\"><strong>\u00a0Formulare des Schulamts<\/strong><\/p>\r\n<ul style=\"text-align: justify;\">\r\n<li><a href=\"https:\/\/grundschuleimhofgarten.de\/wp-content\/uploads\/2025\/09\/Anlage_1_Anmeldebogen_Druck_A4.docx\">Anmeldung Schulamt<\/a><\/li>\r\n<li><a href=\"https:\/\/grundschuleimhofgarten.de\/wp-content\/uploads\/2022\/10\/Schul-109-Anmeldung-und-Aufnahme-in-die-Grundschule-02.22-neu.pdf\">F109: Anmeldung in die Grundschule (Schul\u00e4rztliche Untersuchung)<\/a><\/li>\r\n<li><a href=\"https:\/\/grundschuleimhofgarten.de\/wp-content\/uploads\/2025\/10\/Antrag_eFoeB.pdf\">Antrag f\u00fcr den Hort<\/a><\/li>\r\n<li>bei Bedarf: <a href=\"https:\/\/grundschuleimhofgarten.de\/wp-content\/uploads\/2025\/09\/aufnahme_in_eine_andere_grund-_oder_gemeinschaftsschule_08-21_pdf.pdf\">Antrag zur Aufnahme in eine andere Grundschule (Umschulung)<\/a><\/li>\r\n<li>bei Bedarf: <a href=\"https:\/\/grundschuleimhofgarten.de\/wp-content\/uploads\/2025\/09\/Anlage_4_Bestaetigung_Privatschule.docx\">Anmeldebogen f\u00fcr eine Privatschule<\/a><\/li>\r\n<\/ul>\r\n<p style=\"text-align: justify;\"><strong>Hinweise und Formulare des Kinder- und Jugendgesundheitsdienstes<\/strong><\/p>\r\n<p>F\u00fcr die Anmeldung zur Schuleingangsuntersuchung beim Kinder- und Jugendgesundheitsdienst nutzen Sie bitte das Online-Portal <a href=\"https:\/\/fmx.verwalt-berlin.de\/esu\/frm\/ba-pa\">https:\/\/fmx.verwalt-berlin.de\/esu\/frm\/ba-pa<\/a> f\u00fcr eine Terminbuchung.<\/p>\r\n","protected":false},"excerpt":{"rendered":"<p>&nbsp; Liebe Eltern, wir freuen uns sehr, dass Sie Ihr Kind an unserer Schule einschulen m\u00f6chten. Dazu m\u00fcssen Sie eine Schulanmeldung vornehmen. Diese findet f\u00fcr die Schulanf\u00e4ngerinnen und Schulanf\u00e4nger wie&hellip;<\/p>\n","protected":false},"author":10,"featured_media":0,"parent":0,"menu_order":0,"comment_status":"closed","ping_status":"closed","template":"","meta":{"_lmt_disableupdate":"no","_lmt_disable":"","footnotes":""},"class_list":["post-61","page","type-page","status-publish","hentry"],"_links":{"self":[{"href":"https:\/\/grundschuleimhofgarten.de\/index.php?rest_route=\/wp\/v2\/pages\/61","targetHints":{"allow":["GET"]}}],"collection":[{"href":"https:\/\/grundschuleimhofgarten.de\/index.php?rest_route=\/wp\/v2\/pages"}],"about":[{"href":"https:\/\/grundschuleimhofgarten.de\/index.php?rest_route=\/wp\/v2\/types\/page"}],"author":[{"embeddable":true,"href":"https:\/\/grundschuleimhofgarten.de\/index.php?rest_route=\/wp\/v2\/users\/10"}],"replies":[{"embeddable":true,"href":"https:\/\/grundschuleimhofgarten.de\/index.php?rest_route=%2Fwp%2Fv2%2Fcomments&post=61"}],"version-history":[{"count":137,"href":"https:\/\/grundschuleimhofgarten.de\/index.php?rest_route=\/wp\/v2\/pages\/61\/revisions"}],"predecessor-version":[{"id":10389,"href":"https:\/\/grundschuleimhofgarten.de\/index.php?rest_route=\/wp\/v2\/pages\/61\/revisions\/10389"}],"wp:attachment":[{"href":"https:\/\/grundschuleimhofgarten.de\/index.php?rest_route=%2Fwp%2Fv2%2Fmedia&parent=61"}],"curies":[{"name":"wp","href":"https:\/\/api.w.org\/{rel}","templated":true}]}}