{"id":629,"date":"2019-02-14T14:31:03","date_gmt":"2019-02-14T13:31:03","guid":{"rendered":"http:\/\/grundschuleimhofgarten.de\/?page_id=629"},"modified":"2021-03-26T09:04:29","modified_gmt":"2021-03-26T08:04:29","slug":"mittagessen","status":"publish","type":"page","link":"https:\/\/grundschuleimhofgarten.de\/?page_id=629","title":{"rendered":"Mittagessen"},"content":{"rendered":"<blockquote><p>Geschmack ist angeboren und man kann ihn nicht lehren. Man kann nur anleiten, ihn zu \u00fcben und auszubilden.<\/p><\/blockquote>\n<p style=\"text-align: right;\"><span style=\"font-size: 10pt;\"><em>Karl Ferdinand Gutzkow<\/em><\/span><\/p>\n<p style=\"text-align: justify;\">Um 11:40 Uhr beginnt mit der zweiten Hofpause das Mittagsband, in dem die Sch\u00fclerinnen und Sch\u00fcler zu einer festen Zeit, zu Mittag essen. In der Regel essen zun\u00e4chst die \u00e4lteren Sch\u00fclerinnen und Sch\u00fcler direkt in der Hofpause, w\u00e4hrend die Jahrgangsstufen 1 bis 3 nach Unterrichtsschluss essen gehen. Dabei werden sie von ihren \u00a0Klassenerzieherinnen und -erziehern begleitet.<\/p>\n<p style=\"text-align: justify;\"><a href=\"https:\/\/grundschuleimhofgarten.de\/wp-content\/uploads\/2019\/02\/schule_mittagessen.jpg\" data-rel=\"penci-gallery-image-content\" ><img loading=\"lazy\" decoding=\"async\" class=\"alignleft wp-image-1917\" src=\"https:\/\/grundschuleimhofgarten.de\/wp-content\/uploads\/2019\/02\/schule_mittagessen-1024x683.jpg\" alt=\"\" width=\"400\" height=\"267\" \/><\/a>Unser Catering wird im gegenw\u00e4rtigen Ausschreibungszyklus von der <a href=\"http:\/\/www.schildkroete-berlin.de\/gastronomische-angebote\/\" target=\"_blank\" rel=\"noopener noreferrer\">\u21d2 Schildkr\u00f6te GmbH <\/a>besorgt, frisch geliefert und von zwei Fachkr\u00e4ften ausgegeben. Das Essen ist <a href=\"http:\/\/www.dge.de\/gv\/zertifizierungen\/\" target=\"_blank\" rel=\"noopener noreferrer\">\u21d2 DGE-Zertifiziert<\/a> und hat einen Bioanteil von mindestens 35% des Wareneinsatzes, das Rindfleisch ist vollst\u00e4ndig biozertifiziert. Die aktuelle Speisekarte k\u00f6nnen Sie auf der Website der \u00a0 \u00a0<a href=\"http:\/\/www.schildkroete-berlin.de\/gastronomische-angebote\/\" target=\"_blank\" rel=\"noopener noreferrer\">\u21d2 Schildkr\u00f6te GmbH<\/a> einsehen.<\/p>\n<p style=\"text-align: justify;\">Unsere Essenskommission, bestehend aus zwei p\u00e4dagogischen Fachkr\u00e4ften, zwei Elternvertreterinnen bzw. -vertretern, zwei Sch\u00fclerinnen bzw. Sch\u00fclern sowie der K\u00fcchenkraft und einem Vertreter des Caterers, trifft sich mindestens zweimal j\u00e4hrlich, diskutiert die Qualit\u00e4t und erarbeitet den Speiseplan.<\/p>\n<p>Haben Sie noch Fragen? Dann gibt es vielleicht <a href=\"https:\/\/grundschuleimhofgarten.de\/?page_id=3268\">hier<\/a> die Antworten!<\/p>\n","protected":false},"excerpt":{"rendered":"<p>Geschmack ist angeboren und man kann ihn nicht lehren. Man kann nur anleiten, ihn zu \u00fcben und auszubilden. Karl Ferdinand Gutzkow Um 11:40 Uhr beginnt mit der zweiten Hofpause das&hellip;<\/p>\n","protected":false},"author":38,"featured_media":0,"parent":0,"menu_order":0,"comment_status":"closed","ping_status":"closed","template":"","meta":{"_lmt_disableupdate":"","_lmt_disable":"","footnotes":""},"class_list":["post-629","page","type-page","status-publish","hentry"],"_links":{"self":[{"href":"https:\/\/grundschuleimhofgarten.de\/index.php?rest_route=\/wp\/v2\/pages\/629","targetHints":{"allow":["GET"]}}],"collection":[{"href":"https:\/\/grundschuleimhofgarten.de\/index.php?rest_route=\/wp\/v2\/pages"}],"about":[{"href":"https:\/\/grundschuleimhofgarten.de\/index.php?rest_route=\/wp\/v2\/types\/page"}],"author":[{"embeddable":true,"href":"https:\/\/grundschuleimhofgarten.de\/index.php?rest_route=\/wp\/v2\/users\/38"}],"replies":[{"embeddable":true,"href":"https:\/\/grundschuleimhofgarten.de\/index.php?rest_route=%2Fwp%2Fv2%2Fcomments&post=629"}],"version-history":[{"count":12,"href":"https:\/\/grundschuleimhofgarten.de\/index.php?rest_route=\/wp\/v2\/pages\/629\/revisions"}],"predecessor-version":[{"id":7531,"href":"https:\/\/grundschuleimhofgarten.de\/index.php?rest_route=\/wp\/v2\/pages\/629\/revisions\/7531"}],"wp:attachment":[{"href":"https:\/\/grundschuleimhofgarten.de\/index.php?rest_route=%2Fwp%2Fv2%2Fmedia&parent=629"}],"curies":[{"name":"wp","href":"https:\/\/api.w.org\/{rel}","templated":true}]}}